{"id":9,"date":"2023-03-15T17:41:00","date_gmt":"2023-03-15T20:41:00","guid":{"rendered":"http:\/\/adbuild.com.br\/?page_id=9"},"modified":"2023-08-25T11:39:25","modified_gmt":"2023-08-25T14:39:25","slug":"home","status":"publish","type":"page","link":"https:\/\/adbuild.com.br\/","title":{"rendered":"Home"},"content":{"rendered":"\n<div class=\"wp-block-cover alignfull has-parallax\" style=\"min-height:630px;aspect-ratio:unset;\"><span aria-hidden=\"true\" class=\"wp-block-cover__background has-background-dim-40 has-background-dim wp-block-cover__gradient-background has-background-gradient\" style=\"background:linear-gradient(172deg,rgb(17,17,17) 0%,rgba(0,0,0,0) 100%)\"><\/span><div role=\"img\" class=\"wp-block-cover__image-background wp-image-34 has-parallax\" style=\"background-position:50% 50%;background-image:url(http:\/\/adbuild.com.br\/wp-content\/uploads\/2023\/03\/banner-01.png)\"><\/div><div class=\"wp-block-cover__inner-container is-layout-flow wp-block-cover-is-layout-flow\">\n<div class=\"inherit-container-width wp-block-group alignwide is-layout-constrained wp-block-group-is-layout-constrained\">\n<h2 class=\"wp-block-heading has-text-align-left\" style=\"margin-top:var(--wp--preset--spacing--70)\">Divis\u00f3rias para escrit\u00f3rio<\/h2>\n\n\n\n<p class=\"has-text-align-left\" style=\"margin-right:0rem;margin-left:0;padding-top:0;padding-right:var(--wp--preset--spacing--70);padding-bottom:0;padding-left:0\">A ADBuild \u00e9 uma empresa com tradi\u00e7\u00e3o no segmento de industrializa\u00e7\u00e3o e montagem de divis\u00f3rias piso-teto. S\u00e3o mais de 20 anos de experi\u00eancia no atendimento de revendas e representantes em todo o territ\u00f3rio nacional.\u00a0<\/p>\n\n\n\n<div class=\"wp-block-columns is-layout-flex wp-container-core-columns-is-layout-28f84493 wp-block-columns-is-layout-flex\">\n<div class=\"wp-block-column is-layout-flow wp-block-column-is-layout-flow\">\n<div class=\"wp-block-buttons is-content-justification-left is-layout-flex wp-container-core-buttons-is-layout-fc4fd283 wp-block-buttons-is-layout-flex\">\n<div class=\"wp-block-button has-custom-font-size\" style=\"font-size:15px\"><a class=\"wp-block-button__link has-white-color has-text-color has-background wp-element-button\" style=\"border-radius:17px;background-color:#a10000;padding-top:var(--wp--preset--spacing--40);padding-right:var(--wp--preset--spacing--40);padding-bottom:var(--wp--preset--spacing--40);padding-left:var(--wp--preset--spacing--40)\">\u2002\u2002\u2002\u2002Saiba mais\u2002\u2002\u2002\u2002<\/a><\/div>\n<\/div>\n<\/div>\n\n\n\n<div class=\"wp-block-column is-layout-flow wp-block-column-is-layout-flow\"><\/div>\n<\/div>\n<\/div>\n<\/div><\/div>\n\n\n\n<div class=\"wp-block-group alignfull is-layout-constrained wp-container-core-group-is-layout-1411311c wp-block-group-is-layout-constrained\" style=\"padding-top:var(--wp--preset--spacing--80);padding-bottom:0\">\n<h2 class=\"wp-block-heading has-ast-global-color-3-color has-text-color\" id=\"linhas\">Nossas linhas<\/h2>\n\n\n\n<div class=\"wp-block-columns is-layout-flex wp-container-core-columns-is-layout-60cbf9bb wp-block-columns-is-layout-flex\" style=\"margin-top:50px\">\n<div class=\"wp-block-column is-layout-flow wp-container-core-column-is-layout-6b73ce23 wp-block-column-is-layout-flow\">\n<figure class=\"wp-block-image size-large\"><img loading=\"lazy\" decoding=\"async\" width=\"1024\" height=\"684\" src=\"http:\/\/adbuild.com.br\/wp-content\/uploads\/2023\/03\/ADBuild-Divisoria-para-escritorio-90-mm-1024x684.jpg\" alt=\"\" class=\"wp-image-32\" srcset=\"https:\/\/adbuild.com.br\/wp-content\/uploads\/2023\/03\/ADBuild-Divisoria-para-escritorio-90-mm-1024x684.jpg 1024w, https:\/\/adbuild.com.br\/wp-content\/uploads\/2023\/03\/ADBuild-Divisoria-para-escritorio-90-mm-300x200.jpg 300w, https:\/\/adbuild.com.br\/wp-content\/uploads\/2023\/03\/ADBuild-Divisoria-para-escritorio-90-mm-768x513.jpg 768w, https:\/\/adbuild.com.br\/wp-content\/uploads\/2023\/03\/ADBuild-Divisoria-para-escritorio-90-mm-1536x1025.jpg 1536w, https:\/\/adbuild.com.br\/wp-content\/uploads\/2023\/03\/ADBuild-Divisoria-para-escritorio-90-mm-2048x1367.jpg 2048w\" sizes=\"auto, (max-width: 1024px) 100vw, 1024px\" \/><\/figure>\n\n\n\n<h3 class=\"wp-block-heading has-text-align-center\" style=\"margin-top:16px\">Linha 90 mm<\/h3>\n\n\n\n<div class=\"wp-block-buttons is-layout-flex wp-block-buttons-is-layout-flex\">\n<div class=\"wp-block-button has-custom-width wp-block-button__width-25 has-custom-font-size aligncenter\" style=\"font-size:15px\"><a class=\"wp-block-button__link has-white-color has-text-color has-background wp-element-button\" style=\"border-radius:7px;background-color:#a10000;padding-top:var(--wp--preset--spacing--30);padding-right:var(--wp--preset--spacing--30);padding-bottom:var(--wp--preset--spacing--30);padding-left:var(--wp--preset--spacing--30)\">Saiba mais<\/a><\/div>\n<\/div>\n<\/div>\n\n\n\n<div class=\"wp-block-column is-layout-flow wp-container-core-column-is-layout-6b73ce23 wp-block-column-is-layout-flow\">\n<figure class=\"wp-block-image size-large\"><img loading=\"lazy\" decoding=\"async\" width=\"1024\" height=\"684\" src=\"http:\/\/adbuild.com.br\/wp-content\/uploads\/2023\/03\/ADBuild-Divisoria-para-escritorio-60-mm-1024x684.jpg\" alt=\"\" class=\"wp-image-30\" srcset=\"https:\/\/adbuild.com.br\/wp-content\/uploads\/2023\/03\/ADBuild-Divisoria-para-escritorio-60-mm-1024x684.jpg 1024w, https:\/\/adbuild.com.br\/wp-content\/uploads\/2023\/03\/ADBuild-Divisoria-para-escritorio-60-mm-300x200.jpg 300w, https:\/\/adbuild.com.br\/wp-content\/uploads\/2023\/03\/ADBuild-Divisoria-para-escritorio-60-mm-768x513.jpg 768w, https:\/\/adbuild.com.br\/wp-content\/uploads\/2023\/03\/ADBuild-Divisoria-para-escritorio-60-mm-1536x1025.jpg 1536w, https:\/\/adbuild.com.br\/wp-content\/uploads\/2023\/03\/ADBuild-Divisoria-para-escritorio-60-mm-2048x1367.jpg 2048w\" sizes=\"auto, (max-width: 1024px) 100vw, 1024px\" \/><\/figure>\n\n\n\n<h3 class=\"wp-block-heading has-text-align-center\" style=\"margin-top:16px\">Linha 60 mm<\/h3>\n\n\n\n<div class=\"wp-block-buttons is-layout-flex wp-block-buttons-is-layout-flex\">\n<div class=\"wp-block-button has-custom-width wp-block-button__width-25 has-custom-font-size aligncenter\" style=\"font-size:15px\"><a class=\"wp-block-button__link has-white-color has-text-color has-background wp-element-button\" style=\"border-radius:7px;background-color:#a10000;padding-top:var(--wp--preset--spacing--30);padding-right:var(--wp--preset--spacing--30);padding-bottom:var(--wp--preset--spacing--30);padding-left:var(--wp--preset--spacing--30)\">Saiba mais<\/a><\/div>\n<\/div>\n<\/div>\n\n\n\n<div class=\"wp-block-column is-layout-flow wp-container-core-column-is-layout-6b73ce23 wp-block-column-is-layout-flow\">\n<figure class=\"wp-block-image size-large\"><img loading=\"lazy\" decoding=\"async\" width=\"1024\" height=\"683\" src=\"http:\/\/adbuild.com.br\/wp-content\/uploads\/2023\/03\/ADBuild-Divisoria-para-escritorio-Vidro-Glass-1024x683.jpg\" alt=\"\" class=\"wp-image-31\" srcset=\"https:\/\/adbuild.com.br\/wp-content\/uploads\/2023\/03\/ADBuild-Divisoria-para-escritorio-Vidro-Glass-1024x683.jpg 1024w, https:\/\/adbuild.com.br\/wp-content\/uploads\/2023\/03\/ADBuild-Divisoria-para-escritorio-Vidro-Glass-300x200.jpg 300w, https:\/\/adbuild.com.br\/wp-content\/uploads\/2023\/03\/ADBuild-Divisoria-para-escritorio-Vidro-Glass-768x512.jpg 768w, https:\/\/adbuild.com.br\/wp-content\/uploads\/2023\/03\/ADBuild-Divisoria-para-escritorio-Vidro-Glass-1536x1024.jpg 1536w, https:\/\/adbuild.com.br\/wp-content\/uploads\/2023\/03\/ADBuild-Divisoria-para-escritorio-Vidro-Glass.jpg 1872w\" sizes=\"auto, (max-width: 1024px) 100vw, 1024px\" \/><\/figure>\n\n\n\n<h3 class=\"wp-block-heading has-text-align-center\" style=\"margin-top:16px\">Linha Glass<\/h3>\n\n\n\n<div class=\"wp-block-buttons is-layout-flex wp-block-buttons-is-layout-flex\">\n<div class=\"wp-block-button has-custom-width wp-block-button__width-25 has-custom-font-size aligncenter\" style=\"font-size:15px\"><a class=\"wp-block-button__link has-white-color has-text-color has-background wp-element-button\" style=\"border-radius:7px;background-color:#a10000;padding-top:var(--wp--preset--spacing--30);padding-right:var(--wp--preset--spacing--30);padding-bottom:var(--wp--preset--spacing--30);padding-left:var(--wp--preset--spacing--30)\">Saiba mais<\/a><\/div>\n<\/div>\n<\/div>\n<\/div>\n<\/div>\n\n\n\n<div class=\"wp-block-group alignfull is-layout-constrained wp-container-core-group-is-layout-6b9fb9a9 wp-block-group-is-layout-constrained\" id=\"services\" style=\"border-style:none;border-width:0px;padding-top:0\">\n<div class=\"wp-block-columns is-layout-flex wp-container-core-columns-is-layout-60cbf9bb wp-block-columns-is-layout-flex\" style=\"margin-top:50px\">\n<div class=\"wp-block-column is-layout-flow wp-container-core-column-is-layout-6b73ce23 wp-block-column-is-layout-flow\">\n<figure class=\"wp-block-image size-large\"><img loading=\"lazy\" decoding=\"async\" width=\"1024\" height=\"683\" src=\"http:\/\/adbuild.com.br\/wp-content\/uploads\/2023\/08\/coca-cola-1024x683.png\" alt=\"\" class=\"wp-image-72\" srcset=\"https:\/\/adbuild.com.br\/wp-content\/uploads\/2023\/08\/coca-cola-1024x683.png 1024w, https:\/\/adbuild.com.br\/wp-content\/uploads\/2023\/08\/coca-cola-300x200.png 300w, https:\/\/adbuild.com.br\/wp-content\/uploads\/2023\/08\/coca-cola-768x512.png 768w, https:\/\/adbuild.com.br\/wp-content\/uploads\/2023\/08\/coca-cola-1536x1025.png 1536w, https:\/\/adbuild.com.br\/wp-content\/uploads\/2023\/08\/coca-cola-2048x1366.png 2048w\" sizes=\"auto, (max-width: 1024px) 100vw, 1024px\" \/><\/figure>\n\n\n\n<h3 class=\"wp-block-heading has-text-align-center\" style=\"margin-top:16px\">Linha Baixa<\/h3>\n\n\n\n<div class=\"wp-block-buttons is-layout-flex wp-block-buttons-is-layout-flex\">\n<div class=\"wp-block-button has-custom-width wp-block-button__width-25 has-custom-font-size aligncenter\" style=\"font-size:15px\"><a class=\"wp-block-button__link has-white-color has-text-color has-background wp-element-button\" style=\"border-radius:7px;background-color:#b80b0b;padding-top:var(--wp--preset--spacing--30);padding-right:var(--wp--preset--spacing--30);padding-bottom:var(--wp--preset--spacing--30);padding-left:var(--wp--preset--spacing--30)\">Saiba mais<\/a><\/div>\n<\/div>\n<\/div>\n\n\n\n<div class=\"wp-block-column is-layout-flow wp-container-core-column-is-layout-6b73ce23 wp-block-column-is-layout-flow\">\n<figure class=\"wp-block-image size-large\"><img loading=\"lazy\" decoding=\"async\" width=\"1024\" height=\"683\" src=\"http:\/\/adbuild.com.br\/wp-content\/uploads\/2023\/08\/retratil-1024x683.png\" alt=\"\" class=\"wp-image-73\" srcset=\"https:\/\/adbuild.com.br\/wp-content\/uploads\/2023\/08\/retratil-1024x683.png 1024w, https:\/\/adbuild.com.br\/wp-content\/uploads\/2023\/08\/retratil-300x200.png 300w, https:\/\/adbuild.com.br\/wp-content\/uploads\/2023\/08\/retratil-768x512.png 768w, https:\/\/adbuild.com.br\/wp-content\/uploads\/2023\/08\/retratil-1536x1025.png 1536w, https:\/\/adbuild.com.br\/wp-content\/uploads\/2023\/08\/retratil-2048x1366.png 2048w\" sizes=\"auto, (max-width: 1024px) 100vw, 1024px\" \/><\/figure>\n\n\n\n<h3 class=\"wp-block-heading has-text-align-center\" style=\"margin-top:16px\">Linha Retr\u00e1til<\/h3>\n\n\n\n<div class=\"wp-block-buttons is-layout-flex wp-block-buttons-is-layout-flex\">\n<div class=\"wp-block-button has-custom-width wp-block-button__width-25 has-custom-font-size aligncenter\" style=\"font-size:15px\"><a class=\"wp-block-button__link has-white-color has-text-color has-background wp-element-button\" style=\"border-radius:7px;background-color:#b80b0b;padding-top:var(--wp--preset--spacing--30);padding-right:var(--wp--preset--spacing--30);padding-bottom:var(--wp--preset--spacing--30);padding-left:var(--wp--preset--spacing--30)\">Saiba mais<\/a><\/div>\n<\/div>\n<\/div>\n\n\n\n<div class=\"wp-block-column is-layout-flow wp-container-core-column-is-layout-6b73ce23 wp-block-column-is-layout-flow\"><\/div>\n<\/div>\n<\/div>\n\n\n\n<div class=\"wp-block-group alignfull has-ast-global-color-5-background-color has-background is-layout-constrained wp-container-core-group-is-layout-375c447b wp-block-group-is-layout-constrained\" id=\"about\" style=\"padding-top:60px;padding-bottom:60px\">\n<div class=\"wp-block-media-text has-media-on-the-right is-stacked-on-mobile is-vertically-aligned-center\" style=\"grid-template-columns:auto 51%\"><div class=\"wp-block-media-text__content\">\n<div class=\"wp-block-group is-content-justification-left is-layout-constrained wp-container-core-group-is-layout-2a727438 wp-block-group-is-layout-constrained\" style=\"margin-top:var(--wp--preset--spacing--50);margin-bottom:var(--wp--preset--spacing--50);padding-right:0px\">\n<h2 class=\"wp-block-heading has-ast-global-color-3-color has-text-color\" style=\"margin-top:0;margin-bottom:0;padding-right:0px\">Divis\u00f3rias para escrit\u00f3rio piso teto e ac\u00fasticas<\/h2>\n\n\n\n<p style=\"padding-top:0;padding-right:0;padding-bottom:0;padding-left:0\">Empresa com expertise na fabrica\u00e7\u00e3o de divis\u00f3rias para escrit\u00f3rio cegas, vidro total ou meio aqu\u00e1rio. <\/p>\n\n\n\n<p>A ADBuild possui modelos certificados que garantem isolamento ac\u00fastico no seu ambiente corporativo.<\/p>\n<\/div>\n<\/div><figure class=\"wp-block-media-text__media\"><img loading=\"lazy\" decoding=\"async\" width=\"1024\" height=\"683\" src=\"http:\/\/adbuild.com.br\/wp-content\/uploads\/2023\/03\/Linha-90-mm-Evolution-97-1-1024x683.jpg\" alt=\"\" class=\"wp-image-58 size-full\" srcset=\"https:\/\/adbuild.com.br\/wp-content\/uploads\/2023\/03\/Linha-90-mm-Evolution-97-1-1024x683.jpg 1024w, https:\/\/adbuild.com.br\/wp-content\/uploads\/2023\/03\/Linha-90-mm-Evolution-97-1-300x200.jpg 300w, https:\/\/adbuild.com.br\/wp-content\/uploads\/2023\/03\/Linha-90-mm-Evolution-97-1-768x512.jpg 768w, https:\/\/adbuild.com.br\/wp-content\/uploads\/2023\/03\/Linha-90-mm-Evolution-97-1-1536x1024.jpg 1536w, https:\/\/adbuild.com.br\/wp-content\/uploads\/2023\/03\/Linha-90-mm-Evolution-97-1.jpg 1872w\" sizes=\"auto, (max-width: 1024px) 100vw, 1024px\" \/><\/figure><\/div>\n<\/div>\n\n\n\n<div class=\"wp-block-group alignfull is-layout-constrained wp-container-core-group-is-layout-375c447b wp-block-group-is-layout-constrained\" id=\"whyus\" style=\"padding-top:60px;padding-bottom:60px\">\n<h2 class=\"wp-block-heading has-ast-global-color-3-color has-text-color\">Por que a ADBuild?<\/h2>\n\n\n\n<div class=\"wp-block-columns is-layout-flex wp-container-core-columns-is-layout-29aadeec wp-block-columns-is-layout-flex\" style=\"margin-top:60px\">\n<div class=\"wp-block-column is-layout-flow wp-container-core-column-is-layout-6b73ce23 wp-block-column-is-layout-flow\">\n<figure class=\"wp-block-image size-full is-resized\"><img loading=\"lazy\" decoding=\"async\" src=\"http:\/\/adbuild.com.br\/wp-content\/uploads\/2023\/03\/garantia-1.png\" alt=\"\" class=\"wp-image-25\" style=\"width:61px;height:61px\" width=\"61\" height=\"61\" srcset=\"https:\/\/adbuild.com.br\/wp-content\/uploads\/2023\/03\/garantia-1.png 300w, https:\/\/adbuild.com.br\/wp-content\/uploads\/2023\/03\/garantia-1-150x150.png 150w\" sizes=\"auto, (max-width: 61px) 100vw, 61px\" \/><\/figure>\n\n\n\n<h3 class=\"wp-block-heading\" style=\"margin-top:16px\">Garantia<\/h3>\n\n\n\n<p>Oferecemos 5 anos de garantia para defeitos de fabrica\u00e7\u00e3o e possu\u00edmos assist\u00eancia t\u00e9cnica pr\u00f3pria e permanente.<\/p>\n<\/div>\n\n\n\n<div class=\"wp-block-column is-layout-flow wp-container-core-column-is-layout-6b73ce23 wp-block-column-is-layout-flow\">\n<figure class=\"wp-block-image size-full is-resized\"><img loading=\"lazy\" decoding=\"async\" src=\"http:\/\/adbuild.com.br\/wp-content\/uploads\/2023\/03\/check.png\" alt=\"\" class=\"wp-image-26\" style=\"width:57px;height:57px\" width=\"57\" height=\"57\" srcset=\"https:\/\/adbuild.com.br\/wp-content\/uploads\/2023\/03\/check.png 300w, https:\/\/adbuild.com.br\/wp-content\/uploads\/2023\/03\/check-150x150.png 150w\" sizes=\"auto, (max-width: 57px) 100vw, 57px\" \/><\/figure>\n\n\n\n<h3 class=\"wp-block-heading\" style=\"margin-top:16px\">100% Alum\u00ednio<\/h3>\n\n\n\n<p>N\u00e3o utilizamos componentes pl\u00e1sticos, aumentando a resist\u00eancia de nossos produtos<\/p>\n<\/div>\n\n\n\n<div class=\"wp-block-column is-layout-flow wp-container-core-column-is-layout-6b73ce23 wp-block-column-is-layout-flow\">\n<figure class=\"wp-block-image size-full is-resized\"><img loading=\"lazy\" decoding=\"async\" src=\"http:\/\/adbuild.com.br\/wp-content\/uploads\/2023\/03\/1Check.png\" alt=\"\" class=\"wp-image-27\" style=\"width:53px;height:53px\" width=\"53\" height=\"53\" srcset=\"https:\/\/adbuild.com.br\/wp-content\/uploads\/2023\/03\/1Check.png 300w, https:\/\/adbuild.com.br\/wp-content\/uploads\/2023\/03\/1Check-150x150.png 150w\" sizes=\"auto, (max-width: 53px) 100vw, 53px\" \/><\/figure>\n\n\n\n<h3 class=\"wp-block-heading\" style=\"margin-top:16px\">Diversidade de acabamentos<\/h3>\n\n\n\n<p>Variada gama de op\u00e7\u00f5es para acabamento das madeiras, do alum\u00ednio e dos vidros oferecidos.<\/p>\n<\/div>\n<\/div>\n<\/div>\n\n\n\n<div class=\"wp-block-group alignfull has-background is-layout-constrained wp-container-core-group-is-layout-cfcca693 wp-block-group-is-layout-constrained\" id=\"contato\" style=\"background:linear-gradient(35deg,rgb(103,0,0) 0%,rgb(178,0,0) 64%,rgb(241,0,0) 98%);padding-top:104px;padding-bottom:104px\">\n<h2 class=\"wp-block-heading has-text-align-center has-text-color has-x-large-font-size\" style=\"color:#ffffff\">Solicite um or\u00e7amento<\/h2>\n\n\n\n<div class=\"wp-block-buttons alignwide is-horizontal is-content-justification-center is-layout-flex wp-container-core-buttons-is-layout-bba8380a wp-block-buttons-is-layout-flex\" style=\"margin-top:50px\">\n<div class=\"wp-block-button is-style-fill\"><a class=\"wp-block-button__link has-ast-global-color-5-background-color has-background wp-element-button\">Entre em contato<\/a><\/div>\n<\/div>\n<\/div>\n","protected":false},"excerpt":{"rendered":"<p>Nossas linhas Linha 90 mm Linha 60 mm Linha Glass Linha Baixa Linha Retr\u00e1til Divis\u00f3rias para escrit\u00f3rio piso teto e ac\u00fasticas Empresa com expertise na fabrica\u00e7\u00e3o de divis\u00f3rias para escrit\u00f3rio cegas, vidro total ou meio aqu\u00e1rio. A ADBuild possui modelos certificados que garantem isolamento ac\u00fastico no seu ambiente corporativo. Por que a ADBuild? Garantia Oferecemos &hellip;<\/p>\n<p class=\"read-more\"> <a class=\"\" href=\"https:\/\/adbuild.com.br\/\"> <span class=\"screen-reader-text\">Home<\/span> Read More &raquo;<\/a><\/p>\n","protected":false},"author":1,"featured_media":0,"parent":0,"menu_order":0,"comment_status":"closed","ping_status":"closed","template":"","meta":{"site-sidebar-layout":"no-sidebar","site-content-layout":"plain-container","ast-site-content-layout":"normal-width-container","site-content-style":"unboxed","site-sidebar-style":"unboxed","ast-global-header-display":"","ast-banner-title-visibility":"","ast-main-header-display":"","ast-hfb-above-header-display":"","ast-hfb-below-header-display":"","ast-hfb-mobile-header-display":"","site-post-title":"disabled","ast-breadcrumbs-content":"","ast-featured-img":"","footer-sml-layout":"","theme-transparent-header-meta":"enabled","adv-header-id-meta":"","stick-header-meta":"","header-above-stick-meta":"","header-main-stick-meta":"","header-below-stick-meta":"","astra-migrate-meta-layouts":"set","_joinchat":[],"footnotes":""},"class_list":["post-9","page","type-page","status-publish","hentry"],"_links":{"self":[{"href":"https:\/\/adbuild.com.br\/index.php?rest_route=\/wp\/v2\/pages\/9","targetHints":{"allow":["GET"]}}],"collection":[{"href":"https:\/\/adbuild.com.br\/index.php?rest_route=\/wp\/v2\/pages"}],"about":[{"href":"https:\/\/adbuild.com.br\/index.php?rest_route=\/wp\/v2\/types\/page"}],"author":[{"embeddable":true,"href":"https:\/\/adbuild.com.br\/index.php?rest_route=\/wp\/v2\/users\/1"}],"replies":[{"embeddable":true,"href":"https:\/\/adbuild.com.br\/index.php?rest_route=%2Fwp%2Fv2%2Fcomments&post=9"}],"version-history":[{"count":37,"href":"https:\/\/adbuild.com.br\/index.php?rest_route=\/wp\/v2\/pages\/9\/revisions"}],"predecessor-version":[{"id":81,"href":"https:\/\/adbuild.com.br\/index.php?rest_route=\/wp\/v2\/pages\/9\/revisions\/81"}],"wp:attachment":[{"href":"https:\/\/adbuild.com.br\/index.php?rest_route=%2Fwp%2Fv2%2Fmedia&parent=9"}],"curies":[{"name":"wp","href":"https:\/\/api.w.org\/{rel}","templated":true}]}}